{"id":19,"date":"2023-10-07T13:01:49","date_gmt":"2023-10-07T11:01:49","guid":{"rendered":"http:\/\/wissoustiralarc.fr\/?page_id=19"},"modified":"2024-09-08T13:55:09","modified_gmt":"2024-09-08T11:55:09","slug":"inscription","status":"publish","type":"page","link":"https:\/\/wissoustiralarc.fr\/?page_id=19","title":{"rendered":"Nous rejoindre"},"content":{"rendered":"\n<p>Les r\u00e9-inscriptions pour les adh\u00e9rents de l&rsquo;ann\u00e9e derni\u00e8re sont possible d\u00e8s aujourd&rsquo;hui sur la site de la FFTA.<\/p>\n\n\n\n<p>Pour les nouveaux, vous pourrez nous rencontrer sur le forum des associations de Wissous le dimanche 8 septembre.<\/p>\n\n\n\n<p>Vous pouvez \u00e9galement nous rencontrer le vendredi soir \u00e0 partir de 19h30 \u00e0 notre salle \u00e0 partir du 20 septembre.<\/p>\n\n\n\n<p><a href=\"http:\/\/wissoustiralarc.fr\/wp-content\/uploads\/2024\/09\/Modalites-Inscription-2024-2025.pdf\" target=\"_blank\" rel=\"noopener\" title=\"Modalit\u00e9s d'inscription\">Modalit\u00e9s d&rsquo;inscription<\/a><\/p>\n\n\n\n<p><a href=\"http:\/\/wissoustiralarc.fr\/wp-content\/uploads\/2024\/09\/Fiche-Inscription-2024-2025.pdf\" target=\"_blank\" rel=\"noopener\" title=\"\">Fiche d&rsquo;inscription<\/a><\/p>\n\n\n\n<p><a href=\"http:\/\/wissoustiralarc.fr\/wp-content\/uploads\/2024\/09\/REGLEMENT-interieur-WTA-2024-2025.pdf\" target=\"_blank\" rel=\"noopener\" title=\"R\u00e8glement int\u00e9rieur\">R\u00e8glement int\u00e9rieur<\/a><\/p>\n\n\n<div class=\"wpforms-container wpforms-container-full wpforms-block wpforms-block-3da3fc5c-ea50-4356-b7ef-94fa464e690c wpforms-render-modern\" id=\"wpforms-108\"><form id=\"wpforms-form-108\" class=\"wpforms-validate wpforms-form wpforms-ajax-form\" data-formid=\"108\" method=\"post\" enctype=\"multipart\/form-data\" action=\"\/index.php?rest_route=%2Fwp%2Fv2%2Fpages%2F19\" data-token=\"0befd638a2f89c6e2a4c134099806a86\" data-token-time=\"1777499571\"><noscript class=\"wpforms-error-noscript\">Veuillez activer JavaScript dans votre navigateur pour remplir ce formulaire.<\/noscript><div id=\"wpforms-error-noscript\" style=\"display: none;\">Veuillez activer JavaScript dans votre navigateur pour remplir ce formulaire.<\/div><div class=\"wpforms-field-container\"><div id=\"wpforms-108-field_1-container\" class=\"wpforms-field wpforms-field-name\" data-field-id=\"1\"><fieldset><legend class=\"wpforms-field-label\">Nom <span class=\"wpforms-required-label\" aria-hidden=\"true\">*<\/span><\/legend><div class=\"wpforms-field-row wpforms-field-medium\"><div class=\"wpforms-field-row-block wpforms-first wpforms-one-half\"><input type=\"text\" id=\"wpforms-108-field_1\" class=\"wpforms-field-name-first wpforms-field-required\" name=\"wpforms[fields][1][first]\" aria-errormessage=\"wpforms-108-field_1-error\" required><label for=\"wpforms-108-field_1\" class=\"wpforms-field-sublabel after\">Pr\u00e9nom<\/label><\/div><div class=\"wpforms-field-row-block wpforms-one-half\"><input type=\"text\" id=\"wpforms-108-field_1-last\" class=\"wpforms-field-name-last wpforms-field-required\" name=\"wpforms[fields][1][last]\" aria-errormessage=\"wpforms-108-field_1-last-error\" required><label for=\"wpforms-108-field_1-last\" class=\"wpforms-field-sublabel after\">Nom<\/label><\/div><\/div><\/fieldset><\/div><div id=\"wpforms-108-field_2-container\" class=\"wpforms-field wpforms-field-email\" data-field-id=\"2\"><label class=\"wpforms-field-label\" for=\"wpforms-108-field_2\">E-mail <span class=\"wpforms-required-label\" aria-hidden=\"true\">*<\/span><\/label><input type=\"email\" id=\"wpforms-108-field_2\" class=\"wpforms-field-medium wpforms-field-required\" name=\"wpforms[fields][2]\" spellcheck=\"false\" aria-errormessage=\"wpforms-108-field_2-error\" required><\/div>\t\t<div id=\"wpforms-108-field_4-container\"\n\t\t\tclass=\"wpforms-field wpforms-field-text\"\n\t\t\tdata-field-type=\"text\"\n\t\t\tdata-field-id=\"4\"\n\t\t\t>\n\t\t\t<label class=\"wpforms-field-label\" for=\"wpforms-108-field_4\" >Nom Message E-mail<\/label>\n\t\t\t<input type=\"text\" id=\"wpforms-108-field_4\" class=\"wpforms-field-medium\" name=\"wpforms[fields][4]\" >\n\t\t<\/div>\n\t\t<div id=\"wpforms-108-field_3-container\" class=\"wpforms-field wpforms-field-textarea\" data-field-id=\"3\"><label class=\"wpforms-field-label\" for=\"wpforms-108-field_3\">Message<\/label><textarea id=\"wpforms-108-field_3\" class=\"wpforms-field-medium\" name=\"wpforms[fields][3]\" aria-errormessage=\"wpforms-108-field_3-error\" ><\/textarea><\/div><script>\n\t\t\t\t( function() {\n\t\t\t\t\tconst style = document.createElement( 'style' );\n\t\t\t\t\tstyle.appendChild( document.createTextNode( '#wpforms-108-field_4-container { position: absolute !important; overflow: hidden !important; display: inline !important; height: 1px !important; width: 1px !important; z-index: -1000 !important; padding: 0 !important; } #wpforms-108-field_4-container input { visibility: hidden; } #wpforms-conversational-form-page #wpforms-108-field_4-container label { counter-increment: none; }' ) );\n\t\t\t\t\tdocument.head.appendChild( style );\n\t\t\t\t\tdocument.currentScript?.remove();\n\t\t\t\t} )();\n\t\t\t<\/script><\/div><!-- .wpforms-field-container --><div class=\"wpforms-submit-container\" ><input type=\"hidden\" name=\"wpforms[id]\" value=\"108\"><input type=\"hidden\" name=\"page_title\" value=\"\"><input type=\"hidden\" name=\"page_url\" value=\"https:\/\/wissoustiralarc.fr\/index.php?rest_route=\/wp\/v2\/pages\/19\"><input type=\"hidden\" name=\"url_referer\" value=\"\"><button type=\"submit\" name=\"wpforms[submit]\" id=\"wpforms-submit-108\" class=\"wpforms-submit\" data-alt-text=\"Envoi...\" data-submit-text=\"Envoyer\" aria-live=\"assertive\" value=\"wpforms-submit\">Envoyer<\/button><img loading=\"lazy\" decoding=\"async\" src=\"https:\/\/wissoustiralarc.fr\/wp-content\/plugins\/wpforms-lite\/assets\/images\/submit-spin.svg\" class=\"wpforms-submit-spinner\" style=\"display: none;\" width=\"26\" height=\"26\" alt=\"Chargement en cours\"><\/div><\/form><\/div>  <!-- .wpforms-container -->","protected":false},"excerpt":{"rendered":"<p>Les r\u00e9-inscriptions pour les adh\u00e9rents de l&rsquo;ann\u00e9e derni\u00e8re sont possible d\u00e8s aujourd&rsquo;hui sur la site de la FFTA. Pour les nouveaux, vous pourrez nous rencontrer sur le forum des associations de Wissous le dimanche 8 septembre. Vous pouvez \u00e9galement nous rencontrer le vendredi soir \u00e0 partir de 19h30 \u00e0 notre salle \u00e0 partir du 20 &hellip; <a href=\"https:\/\/wissoustiralarc.fr\/?page_id=19\" class=\"more-link\">Continuer la lecture de <span class=\"screen-reader-text\">Nous rejoindre<\/span>  <span class=\"meta-nav\">&rarr;<\/span><\/a><\/p>\n","protected":false},"author":1,"featured_media":0,"parent":0,"menu_order":21,"comment_status":"closed","ping_status":"closed","template":"","meta":{"footnotes":""},"class_list":["post-19","page","type-page","status-publish","hentry"],"_links":{"self":[{"href":"https:\/\/wissoustiralarc.fr\/index.php?rest_route=\/wp\/v2\/pages\/19","targetHints":{"allow":["GET"]}}],"collection":[{"href":"https:\/\/wissoustiralarc.fr\/index.php?rest_route=\/wp\/v2\/pages"}],"about":[{"href":"https:\/\/wissoustiralarc.fr\/index.php?rest_route=\/wp\/v2\/types\/page"}],"author":[{"embeddable":true,"href":"https:\/\/wissoustiralarc.fr\/index.php?rest_route=\/wp\/v2\/users\/1"}],"replies":[{"embeddable":true,"href":"https:\/\/wissoustiralarc.fr\/index.php?rest_route=%2Fwp%2Fv2%2Fcomments&post=19"}],"version-history":[{"count":7,"href":"https:\/\/wissoustiralarc.fr\/index.php?rest_route=\/wp\/v2\/pages\/19\/revisions"}],"predecessor-version":[{"id":113,"href":"https:\/\/wissoustiralarc.fr\/index.php?rest_route=\/wp\/v2\/pages\/19\/revisions\/113"}],"wp:attachment":[{"href":"https:\/\/wissoustiralarc.fr\/index.php?rest_route=%2Fwp%2Fv2%2Fmedia&parent=19"}],"curies":[{"name":"wp","href":"https:\/\/api.w.org\/{rel}","templated":true}]}}